{"id":59,"date":"2017-12-11T22:42:10","date_gmt":"2017-12-11T21:42:10","guid":{"rendered":"http:\/\/www.aerialdancestudio.pl\/?page_id=59"},"modified":"2023-09-05T11:50:48","modified_gmt":"2023-09-05T09:50:48","slug":"pytania-i-odpowiedzi","status":"publish","type":"page","link":"http:\/\/www.aerialdancestudio.pl\/en\/pytania-i-odpowiedzi\/","title":{"rendered":"FAQ"},"content":{"rendered":"<div class=\"faq-page\">\n<h1 class=\"h1\">FAQ<\/h1>\n<div class=\"section-with-border\">\n<h2 class=\"faq-question\">How the class looks like?<\/h2>\n<div class=\"faq-answer\">\n<p class=\"\">Every class contain:<\/p>\n<p class=\"\"><strong>Warm up <\/strong><br \/>\nTo prepare your body to physical exercises on the prop<\/p>\n<p class=\"\"><strong> Exercises on a specific prop<\/strong><br \/>\nExercises on the chosen requisition, learning elements matched to the participants&#8217; level of advancement<\/p>\n<p class=\"\"><strong>Cooldown<\/strong><br \/>\nStretching to the end of the class<\/p>\n<\/div>\n<\/div>\n<div class=\"section-with-border\">\n<h2 class=\"faq-question\">When does the school year start and end?<\/h2>\n<div class=\"faq-answer\">\n<p class=\"\">Classes for children are held from 15\/09\/2019 to 25\/06\/2020<br \/>\nClasses for adults are held from 20\/09\/2019 to 30\/06\/2020&lt;<\/p>\n<p class=\"\">Then there will be a schedule of summer workshops.<\/p>\n<\/div>\n<\/div>\n<div class=\"section-with-border\">\n<h2 class=\"faq-question\">Description of levels<\/h2>\n<div class=\"faq-answer\">\n<table class=\"price-list-table\">\n<thead>\n<tr>\n<th>level<\/th>\n<th>children (8-12 lat)<\/th>\n<th>teenagers and adults<\/th>\n<\/tr>\n<\/thead>\n<tbody>\n<tr>\n<td><strong>0<\/strong><\/td>\n<td>classes for children which have never tried to work with chosen prop<\/td>\n<td>classes for people who:<\/p>\n<ul>\n<li>have never tried work with chosen prop<\/li>\n<li>so far they have been practicing mainly in hammock<\/li>\n<li>they do not meet the requirements for the next level yet<\/li>\n<\/ul>\n<\/td>\n<\/tr>\n<tr>\n<td><strong>1<\/strong><\/td>\n<td>classes for children who are familiar with the prop, they feel comfortable on it and have known elements in hammocks very well<\/td>\n<td>classes for people who:<\/p>\n<ul>\n<li>are familiar with the prop<\/li>\n<li>known elements with single and double knot on both legs very well<\/li>\n<\/ul>\n<\/td>\n<\/tr>\n<tr>\n<td><strong>2<\/strong><\/td>\n<td>classes for children who can climb the silks and known the single and double knot for both legs very well<\/td>\n<td>classes for people who:<\/p>\n<ul>\n<li>it is not difficult to climb up and down on the prop many times during one class<\/li>\n<li>freely performing the hipkey<\/li>\n<li>have already make their first drops<\/li>\n<\/ul>\n<\/td>\n<\/tr>\n<tr>\n<td><strong>3<\/strong><\/td>\n<td>classes for children which:<\/p>\n<ul>\n<li>it is not difficult to climb up and down on the prop many times during one class<\/li>\n<li>freely performing the hipkey<\/li>\n<li>have already make their first drops<\/li>\n<\/ul>\n<\/td>\n<td>classes for people who:<\/p>\n<ul>\n<li>it is not difficult to climb up and down on the prop many times during one class<\/li>\n<li>freely performing the hipkey and straddles<\/li>\n<li>have already make more compicated drops<\/li>\n<\/ul>\n<p><strong>Attention<\/strong>: Apart from learning new elements, classes are aimed at increasing the quality of exercises and developing the creative approach of participants to a given prop.<\/td>\n<\/tr>\n<\/tbody>\n<\/table>\n<\/div>\n<\/div>\n<div class=\"section-with-border\">\n<h2 class=\"faq-question\">How should I prepare to my first class?<\/h2>\n<div class=\"faq-answer\">Please read the regulations before first class.<br \/>\nYou need to take comfortable and skin-tight clothes \u2013 for example leggings and t-shirt with sleeves -to protect your armpits (we suggest to wear body). We exercise barefoot.<br \/>\nPlease come 15 minutes before your first class to fulfill the necessary documents like : declaration with contact data and to read and sign the regulations. If the participant is underage, for the first class his or her parent\/legal guardian is needed.<\/div>\n<\/div>\n<div class=\"section-with-border\">\n<h2 class=\"faq-question\">How can I sign for my first class?<\/h2>\n<div class=\"faq-answer\">If you want to sign for the classes, you can make it by:<br \/>\nEmail \u2013 zapisy@serialdancestudio.pl<br \/>\nTelephone \u2013 +48 502 323 243<br \/>\nFunpage &#8211;<a href=\"https:\/\/www.facebook.com\/AerialDanceStudio\/\" target=\"_blank\" rel=\"noopener\">https:\/\/www.facebook.com\/AerialDanceStudio\/ <\/a><br \/>\nPlease send the information like: Name and Surname of the participant, phone number, year of birth, which class you choose (prop, day and time of the class)<\/div>\n<\/div>\n<div class=\"section-with-border\">\n<h2 class=\"faq-question\">Is it possible to join the group, which has been already start the classes?<\/h2>\n<div class=\"faq-answer\">Yes, sure. You can join in every moment to every group, if there is still some empty place.<\/div>\n<\/div>\n<div class=\"section-with-border\">\n<h2 class=\"faq-question\">Can I make up for the reported absence on my group?<\/h2>\n<div class=\"faq-answer\">According to the School Regulations, reported absence can be make up only on class of other groups with the same prop and age level. You can also make it up during the Open Studio (adults or when getting permission from the instructor). You have 60 days to use this possibility, if your current pass is active.<\/div>\n<\/div>\n<div class=\"section-with-border\">\n<h2 class=\"faq-question\">How can I make up the class?<\/h2>\n<div class=\"faq-answer\">If your absence is approved to make up (you inform us about that at least 24 hours before class), you can make it on class of other groups with the same prop and age level. You can also make it up during the Open Studio (adults or when getting permission from the instructor). You can check everything in ActiveNow System.<\/div>\n<div class=\"section-with-border\">\n<h2 class=\"faq-question\">How can I pay for the classes?<\/h2>\n<div class=\"faq-answer\">The price for the class should be prepaid by:<br \/>\nBank transfer to :<br \/>\nFundacja CIRKA<br \/>\n27 1140 2004 0000 3302 7917 6206,<br \/>\ntitle: \u201eName and Surname, prop, day and time of the class\u201d<br \/>\nOr Cash &#8211; payment to the instructor before class<br \/>\nThere is no option to make payment by card, but you can find cash machine close to the both locations.<\/div>\n<\/div>\n<div class=\"section-with-border\">\n<h2 class=\"faq-question\">Where the classes take place?<\/h2>\n<div class=\"faq-answer\">Static trapeze and aerial hoop classes taking place in localization : Zwyci\u0119zc\u00f3w 44. Silks classes taking place in two locations : Zwyciezc\u00f3w 44 and Olbrachta 48\/56. Our school is only in Warsaw.<\/div>\n<\/div>\n<div class=\"section-with-border\">\n<h2 class=\"faq-question\">Do we accept MultiSport, FotProfit etc. cards?<\/h2>\n<div class=\"faq-answer\">No, we don&#8217;t have any agreement with companies like that.<\/div>\n<\/div>\n<div class=\"section-with-border\">\n<h2 class=\"faq-question\">Can parents be present during classes?<\/h2>\n<div class=\"faq-answer\">Due to the safety reasons, parent are ask for waiting for their children in the corridor, in front of the gym. Our experience shows that children can not Focus in 100% on their exercise if the parent are watching them. Our instructors will inform about \u2018\u2019 open trainings \u2018\u2019, during which parent can watch how it works, and also will invite for the annual shows.<\/div>\n<\/div>\n<div class=\"section-with-border\">\n<h2 class=\"faq-question\">What types of passes we offer?<\/h2>\n<div class=\"faq-answer\">\n<p>Our passes specify number of the consecutive classes of the group. The more classes in the pass, the lower the cost per single class. The current amount for the given pass is available under the tab:<a class=\"button\" href=\"\/en\/karnety-i-cennik\">prices<\/a><\/p>\n<p>Mini pass &#8211; 4 consecutive classes<br \/>\nPro pass \u2013 8 consecutive classes<br \/>\nPremium pass\u2013 12 consecutive classes<br \/>\nPass for 10 entrance during Open Studio (active for 90 days)<\/p>\n<\/div>\n<\/div>\n<div class=\"section-with-border\">\n<h2 class=\"faq-question\">Is it possible to pay by card?<\/h2>\n<div class=\"faq-answer\">No, we don\u2019t have a terminal for card payments, but you can find cash machine close to the both locations.<\/div>\n<\/div>\n<div class=\"section-with-border\">\n<h2 class=\"faq-question\">Is it possible to participate in individual classes?<\/h2>\n<div class=\"faq-answer\">\n<p>To take part in individual classes, ask to select the expression for the individual classes in the ActiveNow system. We will contact with you as soon as possible to talk about details.<\/p>\n<\/div>\n<\/div>\n<div class=\"section-with-border\">\n<h2 class=\"faq-question\">Is it possible to get invoice for payment?<\/h2>\n<div class=\"faq-answer\">If we get the information during your payment, we can prepare invoice for you for prepaid pass. We are not able to give you invoice for passes from the past months.<\/div>\n<\/div>\n<div class=\"section-with-border\">\n<h2 class=\"faq-question\">What does it mean that the class has open level?<\/h2>\n<div class=\"faq-answer\">Classes with open level are dedicated to everyone, no matter what is your level of knowledge of the prop. Those classes are both for beginners and advanced. Our instructor prepare individual exercise program for those who will participate in the class.<\/div>\n<\/div>\n<div class=\"section-with-border\">\n<h2 class=\"faq-question\">How the Open Studio works?<\/h2>\n<div class=\"faq-answer\">The Open Studio, gives you opportunity to repeat thing that you learn during the classes, make your body stronger and you feel more comfortable working with the prop. We offer place and props for your own training. This is not the class with instructor, but we are always in the gym during this time.<br \/>\nOpen Studio in Olbrachta localization is for silks training. In Zwyci\u0119zc\u00f3w street you can choose between silks, aerial hoop or static trapeze.<br \/>\nIf you make appointment to us before you come, there is also option to use our other props or your own staff.<br \/>\n<strong>Attention!<\/strong> For safety reasons, the open studio is only a form of self-training &#8211; there is no way to conduct classes on your own during this time.<\/div>\n<\/div>\n<div class=\"section-with-border\">\n<h2 class=\"faq-question\">Is it possible to participate in single class, without buying the whole pass?<\/h2>\n<div class=\"faq-answer\">\n<p>If you want to check if that prop is for you, or you are only for a few days in Warsaw- you can buy single class for the groups where is still empty place. The current price is available under the tab:p&gt;<\/p>\n<\/div>\n<\/div>\n<div class=\"section-with-border\">\n<h2 class=\"faq-question\">Do you conduct classes in English?<\/h2>\n<div class=\"faq-answer\">Yes, our instructors are able to instruct you in English during the class.<\/div>\n<\/div>\n<div class=\"section-with-border\">\n<h2 class=\"faq-question\">What formalities must be completed before the first class?<\/h2>\n<div class=\"faq-answer\">Before the first class, you must enroll through the online enrollment system and make a payment for the class. If it is necessary for the instructor to bring the child to the after-school classes, please inform by e-mail and ask for the authorization form to pick up the child from the after-school classes.<\/div>\n<\/div>\n<div class=\"section-with-border\">\n<h2 class=\"faq-question\">What if there are no places in the group I want to sign up for?<\/h2>\n<div class=\"faq-answer\">If there are no vacancies in the group that interests you, we suggest adding you to the reserve list. Please contact us: zapisy@aerialdancestudio.pl. Once place will be free in the group, you will be informed immediately.<\/div>\n<\/div>\n<\/div>\n<div class=\"section-with-border\">\n<h2 class=\"faq-question\">What is the limit of places in class?<\/h2>\n<div class=\"faq-answer\">The limit of places is available in ActiveNow system.<\/div>\n<div class=\"section-with-border\">\n<h2 class=\"faq-question\">How can I inform you about my absence to keep opportunity to make this class up?<\/h2>\n<div class=\"faq-answer\">Information about the planned absence should be sent at least 24 hours before the start of the given classes by:<br \/>\n&#8211; Marking it in ActiveNow system;<br \/>\n&#8211; Email: zapisy@aerialdancestudio.pl;<br \/>\n&#8211; SMS : +48 502 323 243;<br \/>\n&#8211; Funpage &#8211;<a href=\"https:\/\/www.facebook.com\/AerialDanceStudio\/\" target=\"_blank\" rel=\"noopener\">https:\/\/www.facebook.com\/AerialDanceStudio\/ <\/a><br \/>\nAn absence, which will be notified later, is not eligible for making up &#8211; the fee for this lesson is also not refunded.<\/div>\n<\/div>\n<div class=\"section-with-border\">\n<h2 class=\"faq-question\">From which age can you start exercising?<\/h2>\n<div class=\"faq-answer\">In our school, the youngest groups are intended for children from 6 years old<\/div>\n<\/div>\n<div class=\"section-with-border\">\n<h2 class=\"faq-question\">What mean the statuses regarding group availability?<\/h2>\n<div class=\"faq-answer\">registration is open \u2013 we still waiting for application to start the group<\/div>\n<\/div>\n<div class=\"section-with-border\"><\/div>\n<div class=\"section-with-border\">\n<h2 class=\"faq-question\"><\/h2>\n<div class=\"faq-answer\">registration is open \u2013 we still waiting for application to start the group<\/div>\n<\/div>\n<div class=\"section-with-border\"><\/div>\n<\/div>\n<\/div>\n","protected":false},"excerpt":{"rendered":"<p>FAQ How the class looks like? Every class contain: Warm up To prepare your body to physical exercises on the prop Exercises on a specific prop Exercises on the chosen requisition, learning elements matched to the participants&#8217; level of advancement Cooldown Stretching to the end of the class When does the school year start and&#8230;<\/p>\n","protected":false},"author":1,"featured_media":0,"parent":0,"menu_order":0,"comment_status":"closed","ping_status":"closed","template":"","meta":{"_acf_changed":false,"footnotes":""},"class_list":["post-59","page","type-page","status-publish","hentry"],"translation":{"provider":"WPGlobus","version":"3.0.0","language":"en","enabled_languages":["pl","en"],"languages":{"pl":{"title":true,"content":false,"excerpt":false},"en":{"title":true,"content":true,"excerpt":false}}},"acf":[],"_links":{"self":[{"href":"http:\/\/www.aerialdancestudio.pl\/en\/wp-json\/wp\/v2\/pages\/59","targetHints":{"allow":["GET"]}}],"collection":[{"href":"http:\/\/www.aerialdancestudio.pl\/en\/wp-json\/wp\/v2\/pages"}],"about":[{"href":"http:\/\/www.aerialdancestudio.pl\/en\/wp-json\/wp\/v2\/types\/page"}],"author":[{"embeddable":true,"href":"http:\/\/www.aerialdancestudio.pl\/en\/wp-json\/wp\/v2\/users\/1"}],"replies":[{"embeddable":true,"href":"http:\/\/www.aerialdancestudio.pl\/en\/wp-json\/wp\/v2\/comments?post=59"}],"version-history":[{"count":104,"href":"http:\/\/www.aerialdancestudio.pl\/en\/wp-json\/wp\/v2\/pages\/59\/revisions"}],"predecessor-version":[{"id":4693,"href":"http:\/\/www.aerialdancestudio.pl\/en\/wp-json\/wp\/v2\/pages\/59\/revisions\/4693"}],"wp:attachment":[{"href":"http:\/\/www.aerialdancestudio.pl\/en\/wp-json\/wp\/v2\/media?parent=59"}],"curies":[{"name":"wp","href":"https:\/\/api.w.org\/{rel}","templated":true}]}}