{"id":2221,"date":"2019-09-05T20:45:55","date_gmt":"2019-09-05T18:45:55","guid":{"rendered":"http:\/\/www.aerialdancestudio.pl\/?page_id=2221"},"modified":"2025-08-07T11:00:01","modified_gmt":"2025-08-07T09:00:01","slug":"grafik","status":"publish","type":"page","link":"http:\/\/www.aerialdancestudio.pl\/en\/grafik\/","title":{"rendered":"Schedule"},"content":{"rendered":"<div class=\"col-12\">\n<style> ::placeholder { \/* Firefox, Chrome, Opera *\/\t\tcolor: #424242;<br \/>\t}:-ms-input-placeholder { \/* Internet Explorer 10-11 *\/\t\tcolor: #424242;<br \/>\t}::-ms-input-placeholder { \/* Microsoft Edge *\/\t\t\tcolor: #424242;<br \/>}\t<\/style>\n<\/div>\n<div class=\"row\">\n<div class=\"col-12\">\n<h1 class=\"h1\">Grafik<\/h1>\n<\/div>\n<div class=\"section row\">\n<div class=\"col-12\">\n<p><strong>UWAGA!<\/strong><\/p>\n<p>Zapisa\u0107 si\u0119 na zaj\u0119cia mo\u017cesz tylko gdy zobowi\u0105zujesz si\u0119 przestrzega\u0107 regulaminu i rygoru sanitarnego, patrz <a class=\"button\" href=\"\/regulamin\">regulamin<\/a> i nie mia\u0142e\u015b kontaktu z osob\u0105 zara\u017con\u0105 COVD-19 w ci\u0105gu ostatnich 14 dni!!!<\/p>\n<p>Po klikni\u0119ciu w guzik &#8220;Zapisz si\u0119&#8221; wy\u015bwietlaj\u0105 si\u0119 <strong>szczeg\u00f3\u0142y<\/strong> danego kursu i <strong>formularz zapisu<\/strong>.<\/p>\n<p>&#8230;<\/p>\n<p>Chcesz <strong>zg\u0142osi\u0107<\/strong> nieobecno\u015b\u0107 lub sprawdzi\u0107 <strong>stan<\/strong> swojego konta?<br \/>\n<strong>Zaloguj si\u0119 na swoje konto:<\/strong><\/p>\n<p><a class=\"button button-dark\" href=\"https:\/\/app.activenow.pl\/users\/sign_in\">Active Now<\/a><\/p>\n<\/div>\n<div class=\"col-12\">\n<p>Uwaga! Formularz dzia\u0142a lepiej na komputerze ni\u017c na kom\u00f3rce!<\/p>\n<p>Je\u015bli zapisujesz si\u0119 na wi\u0119cej ni\u017c jeden kurs &#8211; nie p\u0142a\u0107 od razu &#8211; najpierw skorzystaj ze zni\u017cki, patrz:<a class=\"button\" href=\"\/regulamin\">regulamin<\/a> pkt IV.7 i IV.8<\/p>\n<p><strong>Zapraszamy do zapisu na Kursy edukacji ruchowej o specjalizacji wyszczeg\u00f3lnionej w nazwie. W sezonie zimowym (stycze\u0144 &#8211; marzec&#8217;22) dopuszczamy 4 zg\u0142oszenia nieobecno\u015bci do odrobienia w bie\u017c\u0105cym sezonie.<\/strong><\/p>\n<p><strong>NIE MA MO\u017bLIWO\u015aCI ZAPISU NA POJEDYNCZE ZAJ\u0118CIA!<\/strong><\/p>\n<\/div>\n<\/div>\n<h1 class=\"h1\" style=\"text-align: center;\">Grafik na sezon zimowy (01-03&#8217;22)<\/h1>\n<\/div>\n<div class=\"col-12\">\n<p style=\"text-align: center;\"><a class=\"button button-dark\" href=\"http:\/\/www.aerialdancestudio.pl\/grafik-dzieci\/\"> dzieci 8-12 lat<\/a><\/p>\n<\/div>\n<div class=\"col-12\">\n<p style=\"text-align: center;\"><a class=\"button button-dark\" href=\"http:\/\/www.aerialdancestudio.pl\/grafik-mid\/\"> M\u0142odzie\u017c i Doro\u015bli<\/a><\/p>\n<\/div>\n<p style=\"text-align: center;\">&#8230;<\/p>\n","protected":false},"excerpt":{"rendered":"<p>Grafik UWAGA! Zapisa\u0107 si\u0119 na zaj\u0119cia mo\u017cesz tylko gdy zobowi\u0105zujesz si\u0119 przestrzega\u0107 regulaminu i rygoru sanitarnego, patrz regulamin i nie mia\u0142e\u015b kontaktu z osob\u0105 zara\u017con\u0105 COVD-19 w ci\u0105gu ostatnich 14 dni!!! Po klikni\u0119ciu w guzik &#8220;Zapisz si\u0119&#8221; wy\u015bwietlaj\u0105 si\u0119 szczeg\u00f3\u0142y danego kursu i formularz zapisu. &#8230; Chcesz zg\u0142osi\u0107 nieobecno\u015b\u0107 lub sprawdzi\u0107 stan swojego konta? Zaloguj&#8230;<\/p>\n","protected":false},"author":2,"featured_media":0,"parent":0,"menu_order":0,"comment_status":"closed","ping_status":"closed","template":"","meta":{"_acf_changed":false,"footnotes":""},"class_list":["post-2221","page","type-page","status-publish","hentry"],"translation":{"provider":"WPGlobus","version":"3.0.0","language":"en","enabled_languages":["pl","en"],"languages":{"pl":{"title":true,"content":true,"excerpt":false},"en":{"title":true,"content":true,"excerpt":false}}},"acf":[],"_links":{"self":[{"href":"http:\/\/www.aerialdancestudio.pl\/en\/wp-json\/wp\/v2\/pages\/2221","targetHints":{"allow":["GET"]}}],"collection":[{"href":"http:\/\/www.aerialdancestudio.pl\/en\/wp-json\/wp\/v2\/pages"}],"about":[{"href":"http:\/\/www.aerialdancestudio.pl\/en\/wp-json\/wp\/v2\/types\/page"}],"author":[{"embeddable":true,"href":"http:\/\/www.aerialdancestudio.pl\/en\/wp-json\/wp\/v2\/users\/2"}],"replies":[{"embeddable":true,"href":"http:\/\/www.aerialdancestudio.pl\/en\/wp-json\/wp\/v2\/comments?post=2221"}],"version-history":[{"count":328,"href":"http:\/\/www.aerialdancestudio.pl\/en\/wp-json\/wp\/v2\/pages\/2221\/revisions"}],"predecessor-version":[{"id":4703,"href":"http:\/\/www.aerialdancestudio.pl\/en\/wp-json\/wp\/v2\/pages\/2221\/revisions\/4703"}],"wp:attachment":[{"href":"http:\/\/www.aerialdancestudio.pl\/en\/wp-json\/wp\/v2\/media?parent=2221"}],"curies":[{"name":"wp","href":"https:\/\/api.w.org\/{rel}","templated":true}]}}