{"id":16,"date":"2017-12-10T23:24:27","date_gmt":"2017-12-10T22:24:27","guid":{"rendered":"http:\/\/www.aerialdancestudio.pl\/?page_id=16"},"modified":"2019-07-09T11:59:21","modified_gmt":"2019-07-09T09:59:21","slug":"aktualnosci","status":"publish","type":"page","link":"http:\/\/www.aerialdancestudio.pl\/en\/aktualnosci\/","title":{"rendered":"Plan na lato !"},"content":{"rendered":"<p>Lato to czas wpoczynku, a jak wiadomo najlepszy jest wypoczynek aktywny \ud83d\ude42 Dlatego przygotowali\u015bmy propozycj\u0119 letnich zaj\u0119\u0107 sta\u0142ych dla m\u0142odzie\u017cy i doros\u0142ych na naszych zaj\u0119ciach z ta\u0144ca na szarfach \ud83d\ude42<\/p>\n<p>Ju\u017c od 09.07.2019 do 22.08.2019 b\u0119d\u0105 odbywa\u0107 si\u0119 regularne zaj\u0119cia we wtorki, \u015brody i czwartki w godz. 17.30 &#8211; 18.30 na ul.Olbrachta 48\/56.<\/p>\n<p>Na zaj\u0119cia obowi\u0105zuj\u0105 karnety, mo\u017cna r\u00f3wnie\u017c wykupi\u0107 lekcje pojedyncze zgodnie z cennikiem: http:\/\/www.aerialdancestudio.pl\/karnety-i-cennik\/<\/p>\n<p>W tych dniach b\u0119dzie mo\u017cna r\u00f3wnie\u017c skorzysta\u0107 z naszej oferty open studio w godz. 18.30 &#8211; 21.00<\/p>\n<p>Zapisy trwaj\u0105 ca\u0142y czas! ZAPRASZAMY!<\/p>\n","protected":false},"excerpt":{"rendered":"<p>Lato to czas wpoczynku, a jak wiadomo najlepszy jest wypoczynek aktywny \ud83d\ude42 Dlatego przygotowali\u015bmy propozycj\u0119 letnich zaj\u0119\u0107 sta\u0142ych dla m\u0142odzie\u017cy i doros\u0142ych na naszych zaj\u0119ciach z ta\u0144ca na szarfach \ud83d\ude42 Ju\u017c od 09.07.2019 do 22.08.2019 b\u0119d\u0105 odbywa\u0107 si\u0119 regularne zaj\u0119cia we wtorki, \u015brody i czwartki w godz. 17.30 &#8211; 18.30 na ul.Olbrachta 48\/56. Na zaj\u0119cia&#8230;<\/p>\n","protected":false},"author":1,"featured_media":2089,"parent":0,"menu_order":0,"comment_status":"closed","ping_status":"closed","template":"page-news.php","meta":{"_acf_changed":false,"footnotes":""},"class_list":["post-16","page","type-page","status-publish","has-post-thumbnail","hentry"],"translation":{"provider":"WPGlobus","version":"3.0.0","language":"en","enabled_languages":["pl","en"],"languages":{"pl":{"title":true,"content":true,"excerpt":false},"en":{"title":false,"content":false,"excerpt":false}}},"acf":[],"_links":{"self":[{"href":"http:\/\/www.aerialdancestudio.pl\/en\/wp-json\/wp\/v2\/pages\/16","targetHints":{"allow":["GET"]}}],"collection":[{"href":"http:\/\/www.aerialdancestudio.pl\/en\/wp-json\/wp\/v2\/pages"}],"about":[{"href":"http:\/\/www.aerialdancestudio.pl\/en\/wp-json\/wp\/v2\/types\/page"}],"author":[{"embeddable":true,"href":"http:\/\/www.aerialdancestudio.pl\/en\/wp-json\/wp\/v2\/users\/1"}],"replies":[{"embeddable":true,"href":"http:\/\/www.aerialdancestudio.pl\/en\/wp-json\/wp\/v2\/comments?post=16"}],"version-history":[{"count":11,"href":"http:\/\/www.aerialdancestudio.pl\/en\/wp-json\/wp\/v2\/pages\/16\/revisions"}],"predecessor-version":[{"id":3218,"href":"http:\/\/www.aerialdancestudio.pl\/en\/wp-json\/wp\/v2\/pages\/16\/revisions\/3218"}],"wp:featuredmedia":[{"embeddable":true,"href":"http:\/\/www.aerialdancestudio.pl\/en\/wp-json\/wp\/v2\/media\/2089"}],"wp:attachment":[{"href":"http:\/\/www.aerialdancestudio.pl\/en\/wp-json\/wp\/v2\/media?parent=16"}],"curies":[{"name":"wp","href":"https:\/\/api.w.org\/{rel}","templated":true}]}}